{"id":7926,"date":"2025-05-10T02:34:26","date_gmt":"2025-05-09T23:34:26","guid":{"rendered":"https:\/\/trueproperty.com.tr\/?page_id=7926"},"modified":"2025-05-11T01:36:24","modified_gmt":"2025-05-10T22:36:24","slug":"services","status":"publish","type":"page","link":"https:\/\/trueproperty.com.tr\/bs\/services\/","title":{"rendered":"Usluge"},"content":{"rendered":"<div data-elementor-type=\"wp-page\" data-elementor-id=\"7926\" class=\"elementor elementor-7926\">\n\t\t\t\t\t\t<section class=\"elementor-section elementor-top-section elementor-element elementor-element-c17bbef elementor-section-boxed elementor-section-height-default elementor-section-height-default\" data-id=\"c17bbef\" data-element_type=\"section\" data-settings=\"{&quot;background_background&quot;:&quot;classic&quot;}\">\n\t\t\t\t\t\t<div class=\"elementor-container elementor-column-gap-default\">\n\t\t\t\t\t<div class=\"elementor-column elementor-col-100 elementor-top-column elementor-element elementor-element-db97cce\" data-id=\"db97cce\" data-element_type=\"column\">\n\t\t\t<div class=\"elementor-widget-wrap elementor-element-populated\">\n\t\t\t\t\t\t<section class=\"elementor-section elementor-inner-section elementor-element elementor-element-546aae9 elementor-section-boxed elementor-section-height-default elementor-section-height-default\" data-id=\"546aae9\" data-element_type=\"section\">\n\t\t\t\t\t\t<div class=\"elementor-container elementor-column-gap-default\">\n\t\t\t\t\t<div class=\"elementor-column elementor-col-100 elementor-inner-column elementor-element elementor-element-942c523\" data-id=\"942c523\" data-element_type=\"column\">\n\t\t\t<div class=\"elementor-widget-wrap elementor-element-populated\">\n\t\t\t\t\t\t<div class=\"elementor-element elementor-element-1a889bb elementor-widget elementor-widget-houzez_elementor_section_title\" data-id=\"1a889bb\" data-element_type=\"widget\" data-widget_type=\"houzez_elementor_section_title.default\">\n\t\t\t\t<div class=\"elementor-widget-container\">\n\t\t\t\t\t            <div class=\"houzez_section_title_wrap section-title-module\">\n                                    <h2 class=\"houzez_section_title\">Usluge<\/h2>\n                \n                                    <p class=\"houzez_section_subtitle\">Turska je prekrasna zemlja s obiljem mogu\u0107nosti za pojedince koji \u017eele investirati u nekretnine u zemlji. Da biste to u\u010dinili, va\u017eno je razumjeti proces otvaranja bankovnog ra\u010duna, dobijanja boravi\u0161ne dozvole i dr\u017eavljanstva, dobijanja poreskog broja i prenosa vlasni\u0161tva nad imovinom. Pored toga, razumijevanje osiguranja imovine i DASK-a, pridru\u017eivanje obilasku nekretnina, ugovaranje usluga vode, plina i struje, dobijanje izvje\u0161taja o procjeni nekretnina, kupovina nekretnina online, organizovanje obilaska namje\u0161taja i kupovine ili prodaja va\u0161e nekretnine u Turskoj su sve va\u017eni koraci koje treba uzeti u obzir.\n\n<\/p>\n                            <\/div>\n            \t\t\t\t<\/div>\n\t\t\t\t<\/div>\n\t\t\t\t\t<\/div>\n\t\t<\/div>\n\t\t\t\t\t<\/div>\n\t\t<\/section>\n\t\t\t\t<section class=\"elementor-section elementor-inner-section elementor-element elementor-element-dbf658a elementor-section-boxed elementor-section-height-default elementor-section-height-default\" data-id=\"dbf658a\" data-element_type=\"section\">\n\t\t\t\t\t\t<div class=\"elementor-container elementor-column-gap-default\">\n\t\t\t\t\t<div class=\"elementor-column elementor-col-100 elementor-inner-column elementor-element elementor-element-e0a5dc4\" data-id=\"e0a5dc4\" data-element_type=\"column\">\n\t\t\t<div class=\"elementor-widget-wrap elementor-element-populated\">\n\t\t\t\t\t\t<div class=\"elementor-element elementor-element-896e156 elementor-widget elementor-widget-houzez_elementor_icon_box\" data-id=\"896e156\" data-element_type=\"widget\" data-widget_type=\"houzez_elementor_icon_box.default\">\n\t\t\t\t<div class=\"elementor-widget-container\">\n\t\t\t\t\t\n        <div class=\"text-with-icons-module module-4cols clearfix\">\n            \n                        <div class=\"text-with-icon-item text-with-icon-item-v1\">\n                            <div class=\"icon-thumb\">\n            \n                                                                    <div class=\"houzez-icon\">\n                                        <i class=\"fa fa-university\"><\/i>\n                                    <\/div>\n                                                            <\/div><!-- icon-thumb -->\n                            <div class=\"text-with-icon-info\">\n                                <div class=\"text-with-icon-title\">\n                                    <strong>Bankovni ra\u010dun<\/strong>\n                                <\/div><!-- text-with-icon-title -->\n                                <div class=\"text-with-icon-body\">\n                                                                    <\/div><!-- text-with-icon-body -->\n                            <\/div><!-- text-with-icon-info -->\n\n                                                            <div class=\"text-with-icon-link\">\n                                <a href=\"https:\/\/trueproperty.com.tr\/bs\/bank-account\/\"  >Pro\u010ditajte vi\u0161e<\/a>\n                                <\/div>\n                            \n                        <\/div><!-- text-with-icon-item  -->\n                    \n                        <div class=\"text-with-icon-item text-with-icon-item-v1\">\n                            <div class=\"icon-thumb\">\n            \n                                                                    <div class=\"houzez-icon\">\n                                        <i class=\"fa fa-id-card\"><\/i>\n                                    <\/div>\n                                                            <\/div><!-- icon-thumb -->\n                            <div class=\"text-with-icon-info\">\n                                <div class=\"text-with-icon-title\">\n                                    <strong>Porezni broj<\/strong>\n                                <\/div><!-- text-with-icon-title -->\n                                <div class=\"text-with-icon-body\">\n                                                                    <\/div><!-- text-with-icon-body -->\n                            <\/div><!-- text-with-icon-info -->\n\n                                                            <div class=\"text-with-icon-link\">\n                                <a href=\"https:\/\/trueproperty.com.tr\/bs\/tax-number\/\"  >Pro\u010ditajte vi\u0161e<\/a>\n                                <\/div>\n                            \n                        <\/div><!-- text-with-icon-item  -->\n                    \n                        <div class=\"text-with-icon-item text-with-icon-item-v1\">\n                            <div class=\"icon-thumb\">\n            \n                                                                    <div class=\"houzez-icon\">\n                                        <i class=\"fa fa-file\"><\/i>\n                                    <\/div>\n                                                            <\/div><!-- icon-thumb -->\n                            <div class=\"text-with-icon-info\">\n                                <div class=\"text-with-icon-title\">\n                                    <strong>Vlasni\u010dki list - TAPU<\/strong>\n                                <\/div><!-- text-with-icon-title -->\n                                <div class=\"text-with-icon-body\">\n                                                                    <\/div><!-- text-with-icon-body -->\n                            <\/div><!-- text-with-icon-info -->\n\n                                                            <div class=\"text-with-icon-link\">\n                                <a href=\"https:\/\/trueproperty.com.tr\/bs\/title-deed-tapu\/\"  >Pro\u010ditajte vi\u0161e<\/a>\n                                <\/div>\n                            \n                        <\/div><!-- text-with-icon-item  -->\n                    \n                        <div class=\"text-with-icon-item text-with-icon-item-v1\">\n                            <div class=\"icon-thumb\">\n            \n                                                                    <div class=\"houzez-icon\">\n                                        <i class=\"fa fa-building\"><\/i>\n                                    <\/div>\n                                                            <\/div><!-- icon-thumb -->\n                            <div class=\"text-with-icon-info\">\n                                <div class=\"text-with-icon-title\">\n                                    <strong>Osiguranje imovine<\/strong>\n                                <\/div><!-- text-with-icon-title -->\n                                <div class=\"text-with-icon-body\">\n                                                                    <\/div><!-- text-with-icon-body -->\n                            <\/div><!-- text-with-icon-info -->\n\n                                                            <div class=\"text-with-icon-link\">\n                                <a href=\"https:\/\/trueproperty.com.tr\/bs\/property-insurance-and-dask\/\"  >Pro\u010ditajte vi\u0161e<\/a>\n                                <\/div>\n                            \n                        <\/div><!-- text-with-icon-item  -->\n                            <\/div>\n    \t\t\t\t<\/div>\n\t\t\t\t<\/div>\n\t\t\t\t<div class=\"elementor-element elementor-element-267d349 elementor-widget elementor-widget-houzez_elementor_icon_box\" data-id=\"267d349\" data-element_type=\"widget\" data-widget_type=\"houzez_elementor_icon_box.default\">\n\t\t\t\t<div class=\"elementor-widget-container\">\n\t\t\t\t\t\n        <div class=\"text-with-icons-module module-4cols clearfix\">\n            \n                        <div class=\"text-with-icon-item text-with-icon-item-v1\">\n                            <div class=\"icon-thumb\">\n            \n                                                                    <div class=\"houzez-icon\">\n                                        <i class=\"fa fa-bolt\"><\/i>\n                                    <\/div>\n                                                            <\/div><!-- icon-thumb -->\n                            <div class=\"text-with-icon-info\">\n                                <div class=\"text-with-icon-title\">\n                                    <strong>Voda, plin, struja<\/strong>\n                                <\/div><!-- text-with-icon-title -->\n                                <div class=\"text-with-icon-body\">\n                                                                    <\/div><!-- text-with-icon-body -->\n                            <\/div><!-- text-with-icon-info -->\n\n                                                            <div class=\"text-with-icon-link\">\n                                <a href=\"https:\/\/trueproperty.com.tr\/bs\/water-gas-electricity-subscriptions\/\"  >Pro\u010ditajte vi\u0161e<\/a>\n                                <\/div>\n                            \n                        <\/div><!-- text-with-icon-item  -->\n                    \n                        <div class=\"text-with-icon-item text-with-icon-item-v1\">\n                            <div class=\"icon-thumb\">\n            \n                                                                    <div class=\"houzez-icon\">\n                                        <i class=\"fa fa-tag\"><\/i>\n                                    <\/div>\n                                                            <\/div><!-- icon-thumb -->\n                            <div class=\"text-with-icon-info\">\n                                <div class=\"text-with-icon-title\">\n                                    <strong>\u017delite prodati nekretnine?<\/strong>\n                                <\/div><!-- text-with-icon-title -->\n                                <div class=\"text-with-icon-body\">\n                                                                    <\/div><!-- text-with-icon-body -->\n                            <\/div><!-- text-with-icon-info -->\n\n                                                            <div class=\"text-with-icon-link\">\n                                <a href=\"https:\/\/trueproperty.com.tr\/bs\/want-to-sell\/\"  >Pro\u010ditajte vi\u0161e<\/a>\n                                <\/div>\n                            \n                        <\/div><!-- text-with-icon-item  -->\n                    \n                        <div class=\"text-with-icon-item text-with-icon-item-v1\">\n                            <div class=\"icon-thumb\">\n            \n                                                                    <div class=\"houzez-icon\">\n                                        <i class=\"fa fa-bars\"><\/i>\n                                    <\/div>\n                                                            <\/div><!-- icon-thumb -->\n                            <div class=\"text-with-icon-info\">\n                                <div class=\"text-with-icon-title\">\n                                    <strong>Izvje\u0161taj o procjeni vrijednosti nekretnina<\/strong>\n                                <\/div><!-- text-with-icon-title -->\n                                <div class=\"text-with-icon-body\">\n                                                                    <\/div><!-- text-with-icon-body -->\n                            <\/div><!-- text-with-icon-info -->\n\n                                                            <div class=\"text-with-icon-link\">\n                                <a href=\"https:\/\/trueproperty.com.tr\/bs\/real-estate-valuation-report\/\"  >Pro\u010ditajte vi\u0161e<\/a>\n                                <\/div>\n                            \n                        <\/div><!-- text-with-icon-item  -->\n                    \n                        <div class=\"text-with-icon-item text-with-icon-item-v1\">\n                            <div class=\"icon-thumb\">\n            \n                                                                    <div class=\"houzez-icon\">\n                                        <i class=\"fa fa-building\"><\/i>\n                                    <\/div>\n                                                            <\/div><!-- icon-thumb -->\n                            <div class=\"text-with-icon-info\">\n                                <div class=\"text-with-icon-title\">\n                                    <strong>Kupite nekretninu online od Trusta<\/strong>\n                                <\/div><!-- text-with-icon-title -->\n                                <div class=\"text-with-icon-body\">\n                                                                    <\/div><!-- text-with-icon-body -->\n                            <\/div><!-- text-with-icon-info -->\n\n                                                            <div class=\"text-with-icon-link\">\n                                <a href=\"https:\/\/trueproperty.com.tr\/bs\/buy-property-online\/\"  >Pro\u010ditajte vi\u0161e<\/a>\n                                <\/div>\n                            \n                        <\/div><!-- text-with-icon-item  -->\n                            <\/div>\n    \t\t\t\t<\/div>\n\t\t\t\t<\/div>\n\t\t\t\t\t<\/div>\n\t\t<\/div>\n\t\t\t\t\t<\/div>\n\t\t<\/section>\n\t\t\t\t\t<\/div>\n\t\t<\/div>\n\t\t\t\t\t<\/div>\n\t\t<\/section>\n\t\t\t\t<\/div>","protected":false},"excerpt":{"rendered":"<p>Services Turkey is a beautiful country with an abundance of opportunities for individuals looking to invest in the country&#8217;s real estate. In order to do so, it is important to understand the process of opening a bank account, obtaining a living permit and citizenship, obtaining a tax number, and transferring property titles. Additionally, understanding property [&hellip;]<\/p>","protected":false},"author":1,"featured_media":0,"parent":0,"menu_order":0,"comment_status":"closed","ping_status":"closed","template":"elementor_header_footer","meta":{"_monsterinsights_skip_tracking":false,"_monsterinsights_sitenote_active":false,"_monsterinsights_sitenote_note":"","_monsterinsights_sitenote_category":0,"footnotes":""},"class_list":["post-7926","page","type-page","status-publish","hentry"],"yoast_head":"<!-- This site is optimized with the Yoast SEO plugin v25.0 - https:\/\/yoast.com\/wordpress\/plugins\/seo\/ -->\n<title>Services - True Property<\/title>\n<meta name=\"robots\" content=\"index, follow, max-snippet:-1, max-image-preview:large, max-video-preview:-1\" \/>\n<link rel=\"canonical\" href=\"https:\/\/trueproperty.com.tr\/bs\/services\/\" \/>\n<meta property=\"og:locale\" content=\"bs_BA\" \/>\n<meta property=\"og:type\" content=\"article\" \/>\n<meta property=\"og:title\" content=\"Services - True Property\" \/>\n<meta property=\"og:description\" content=\"Services Turkey is a beautiful country with an abundance of opportunities for individuals looking to invest in the country&#8217;s real estate. In order to do so, it is important to understand the process of opening a bank account, obtaining a living permit and citizenship, obtaining a tax number, and transferring property titles. Additionally, understanding property [&hellip;]\" \/>\n<meta property=\"og:url\" content=\"https:\/\/trueproperty.com.tr\/bs\/services\/\" \/>\n<meta property=\"og:site_name\" content=\"True Property\" \/>\n<meta property=\"article:modified_time\" content=\"2025-05-10T22:36:24+00:00\" \/>\n<meta name=\"twitter:card\" content=\"summary_large_image\" \/>\n<meta name=\"twitter:label1\" content=\"Est. reading time\" \/>\n\t<meta name=\"twitter:data1\" content=\"1 minuta\" \/>\n<script type=\"application\/ld+json\" class=\"yoast-schema-graph\">{\"@context\":\"https:\/\/schema.org\",\"@graph\":[{\"@type\":\"WebPage\",\"@id\":\"https:\/\/trueproperty.com.tr\/services\/\",\"url\":\"https:\/\/trueproperty.com.tr\/services\/\",\"name\":\"Services - True Property\",\"isPartOf\":{\"@id\":\"https:\/\/trueproperty.com.tr\/#website\"},\"datePublished\":\"2025-05-09T23:34:26+00:00\",\"dateModified\":\"2025-05-10T22:36:24+00:00\",\"breadcrumb\":{\"@id\":\"https:\/\/trueproperty.com.tr\/services\/#breadcrumb\"},\"inLanguage\":\"bs-BA\",\"potentialAction\":[{\"@type\":\"ReadAction\",\"target\":[\"https:\/\/trueproperty.com.tr\/services\/\"]}]},{\"@type\":\"BreadcrumbList\",\"@id\":\"https:\/\/trueproperty.com.tr\/services\/#breadcrumb\",\"itemListElement\":[{\"@type\":\"ListItem\",\"position\":1,\"name\":\"Anasayfa\",\"item\":\"https:\/\/trueproperty.com.tr\/\"},{\"@type\":\"ListItem\",\"position\":2,\"name\":\"Services\"}]},{\"@type\":\"WebSite\",\"@id\":\"https:\/\/trueproperty.com.tr\/#website\",\"url\":\"https:\/\/trueproperty.com.tr\/\",\"name\":\"True Property\",\"description\":\"True Property\",\"potentialAction\":[{\"@type\":\"SearchAction\",\"target\":{\"@type\":\"EntryPoint\",\"urlTemplate\":\"https:\/\/trueproperty.com.tr\/?s={search_term_string}\"},\"query-input\":{\"@type\":\"PropertyValueSpecification\",\"valueRequired\":true,\"valueName\":\"search_term_string\"}}],\"inLanguage\":\"bs-BA\"}]}<\/script>\n<!-- \/ Yoast SEO plugin. -->","yoast_head_json":{"title":"Services - True Property","robots":{"index":"index","follow":"follow","max-snippet":"max-snippet:-1","max-image-preview":"max-image-preview:large","max-video-preview":"max-video-preview:-1"},"canonical":"https:\/\/trueproperty.com.tr\/bs\/services\/","og_locale":"bs_BA","og_type":"article","og_title":"Services - True Property","og_description":"Services Turkey is a beautiful country with an abundance of opportunities for individuals looking to invest in the country&#8217;s real estate. In order to do so, it is important to understand the process of opening a bank account, obtaining a living permit and citizenship, obtaining a tax number, and transferring property titles. Additionally, understanding property [&hellip;]","og_url":"https:\/\/trueproperty.com.tr\/bs\/services\/","og_site_name":"True Property","article_modified_time":"2025-05-10T22:36:24+00:00","twitter_card":"summary_large_image","twitter_misc":{"Est. reading time":"1 minuta"},"schema":{"@context":"https:\/\/schema.org","@graph":[{"@type":"WebPage","@id":"https:\/\/trueproperty.com.tr\/services\/","url":"https:\/\/trueproperty.com.tr\/services\/","name":"Services - True Property","isPartOf":{"@id":"https:\/\/trueproperty.com.tr\/#website"},"datePublished":"2025-05-09T23:34:26+00:00","dateModified":"2025-05-10T22:36:24+00:00","breadcrumb":{"@id":"https:\/\/trueproperty.com.tr\/services\/#breadcrumb"},"inLanguage":"bs-BA","potentialAction":[{"@type":"ReadAction","target":["https:\/\/trueproperty.com.tr\/services\/"]}]},{"@type":"BreadcrumbList","@id":"https:\/\/trueproperty.com.tr\/services\/#breadcrumb","itemListElement":[{"@type":"ListItem","position":1,"name":"Anasayfa","item":"https:\/\/trueproperty.com.tr\/"},{"@type":"ListItem","position":2,"name":"Services"}]},{"@type":"WebSite","@id":"https:\/\/trueproperty.com.tr\/#website","url":"https:\/\/trueproperty.com.tr\/","name":"True Property","description":"True Property","potentialAction":[{"@type":"SearchAction","target":{"@type":"EntryPoint","urlTemplate":"https:\/\/trueproperty.com.tr\/?s={search_term_string}"},"query-input":{"@type":"PropertyValueSpecification","valueRequired":true,"valueName":"search_term_string"}}],"inLanguage":"bs-BA"}]}},"_links":{"self":[{"href":"https:\/\/trueproperty.com.tr\/bs\/wp-json\/wp\/v2\/pages\/7926","targetHints":{"allow":["GET"]}}],"collection":[{"href":"https:\/\/trueproperty.com.tr\/bs\/wp-json\/wp\/v2\/pages"}],"about":[{"href":"https:\/\/trueproperty.com.tr\/bs\/wp-json\/wp\/v2\/types\/page"}],"author":[{"embeddable":true,"href":"https:\/\/trueproperty.com.tr\/bs\/wp-json\/wp\/v2\/users\/1"}],"replies":[{"embeddable":true,"href":"https:\/\/trueproperty.com.tr\/bs\/wp-json\/wp\/v2\/comments?post=7926"}],"version-history":[{"count":4,"href":"https:\/\/trueproperty.com.tr\/bs\/wp-json\/wp\/v2\/pages\/7926\/revisions"}],"predecessor-version":[{"id":7998,"href":"https:\/\/trueproperty.com.tr\/bs\/wp-json\/wp\/v2\/pages\/7926\/revisions\/7998"}],"wp:attachment":[{"href":"https:\/\/trueproperty.com.tr\/bs\/wp-json\/wp\/v2\/media?parent=7926"}],"curies":[{"name":"wp","href":"https:\/\/api.w.org\/{rel}","templated":true}]}}